{"id":6834,"date":"2024-11-27T10:23:27","date_gmt":"2024-11-27T09:23:27","guid":{"rendered":"https:\/\/www.playabrava.com\/visita-virtual-360\/"},"modified":"2025-10-01T10:06:15","modified_gmt":"2025-10-01T08:06:15","slug":"360o-tour","status":"publish","type":"page","link":"https:\/\/www.playabrava.com\/de\/360o-tour\/","title":{"rendered":"360\u00ba-Tour"},"content":{"rendered":"\n<div class=\"wp-block-cover alignfull has-custom-content-position is-position-bottom-center\" style=\"border-bottom-left-radius:50px;border-bottom-right-radius:50px;margin-top:0;margin-bottom:0;min-height:70vh;aspect-ratio:unset;\"><img loading=\"lazy\" decoding=\"async\" width=\"1920\" height=\"747\" class=\"wp-block-cover__image-background wp-image-1558\" alt=\"\" src=\"https:\/\/www.playabrava.com\/wp-content\/uploads\/banner-2-1.jpg\" data-object-fit=\"cover\" srcset=\"https:\/\/www.playabrava.com\/wp-content\/uploads\/\/banner-2-1.jpg 1920w, https:\/\/www.playabrava.com\/wp-content\/uploads\/\/banner-2-1-1024x398.jpg 1024w, https:\/\/www.playabrava.com\/wp-content\/uploads\/\/banner-2-1-768x299.jpg 768w, https:\/\/www.playabrava.com\/wp-content\/uploads\/\/banner-2-1-1536x598.jpg 1536w, https:\/\/www.playabrava.com\/wp-content\/uploads\/\/banner-2-1-512x199.jpg 512w, https:\/\/www.playabrava.com\/wp-content\/uploads\/\/banner-2-1-256x100.jpg 256w\" sizes=\"auto, (max-width: 1920px) 100vw, 1920px\" \/><span aria-hidden=\"true\" class=\"wp-block-cover__background has-background-dim-20 has-background-dim\"><\/span><div class=\"wp-block-cover__inner-container is-layout-constrained wp-block-cover-is-layout-constrained\">\n<div class=\"wp-block-group is-layout-constrained wp-block-group-is-layout-constrained\" style=\"padding-bottom:var(--wp--preset--spacing--60)\">\n<h1 class=\"wp-block-heading has-text-align-center animation--init--once slide-up has-theme-white-color has-text-color has-link-color has-h-1-font-size wp-elements-1c9f9888d39612004076984a2486be8c\"><strong>360\u00ba Virtueller Rundgang<\/strong><\/h1>\n<\/div>\n<\/div><\/div>\n\n\n\n<div class=\"wp-block-group is-layout-constrained wp-block-group-is-layout-constrained\">\n<h2 class=\"wp-block-heading has-text-align-center animation--init--once slide-up\" style=\"font-size:42px\"><strong><sup>Erkunden Sie den Campingplatz von zu Hause aus <\/sup><\/strong><br>Virtueller Rundgang<\/h2>\n\n\n\n<figure class=\"wp-block-image aligncenter size-large\"><img loading=\"lazy\" decoding=\"async\" width=\"67\" height=\"13\" src=\"https:\/\/www.playabrava.com\/wp-content\/uploads\/stars.svg\" alt=\"\" class=\"wp-image-1151\"\/><\/figure>\n<\/div>\n\n\n\n<div class=\"wp-block-group alignfull has-theme-light-2-background-color has-background is-layout-constrained wp-block-group-is-layout-constrained\" style=\"margin-top:var(--wp--preset--spacing--70);margin-bottom:0;padding-top:var(--wp--preset--spacing--70);padding-bottom:var(--wp--preset--spacing--70)\">\n<div class=\"wp-block-group alignwide animation--init--once pop-up is-layout-flow wp-block-group-is-layout-flow\">\n<iframe loading=\"lazy\" width=\"100%\" height=\"640\" frameborder=\"0\" allow=\"xr-spatial-tracking; gyroscope; accelerometer\" allowfullscreen scrolling=\"no\" src=\"https:\/\/otravista.viewin360.co\/share\/collection\/71B9v?logo=bWVkaWEvMzUyMzQ1LzY4NzEtMjZjYS02ZDhmLWExNDcucG5n&info=0&logosize=82&fs=1&vr=1&gyro=0&autorotate=0.08&thumbs=2&margin=6&inst=es\"><\/iframe>\n<\/div>\n<\/div>\n\n\n\n<div class=\"wp-block-cover alignfull has-parallax has-custom-content-position is-position-bottom-center\" style=\"margin-top:0;margin-bottom:0;min-height:50vh;aspect-ratio:unset;\"><div class=\"wp-block-cover__image-background wp-image-1561 has-parallax\" style=\"background-position:50% 50%;background-image:url(https:\/\/www.playabrava.com\/wp-content\/uploads\/banner-2-2.jpg)\"><\/div><span aria-hidden=\"true\" class=\"wp-block-cover__background has-background-dim-0 has-background-dim\"><\/span><div class=\"wp-block-cover__inner-container is-layout-constrained wp-block-cover-is-layout-constrained\">\n<p class=\"has-text-align-center has-large-font-size\"><\/p>\n<\/div><\/div>\n","protected":false},"excerpt":{"rendered":"<p>Erkunden Sie den Campingplatz von zu Hause aus Virtueller Rundgang<\/p>\n","protected":false},"author":2,"featured_media":0,"parent":0,"menu_order":10,"comment_status":"closed","ping_status":"closed","template":"","meta":{"_acf_changed":false,"inline_featured_image":false,"footnotes":""},"class_list":["post-6834","page","type-page","status-publish","hentry"],"acf":[],"yoast_head":"<!-- This site is optimized with the Yoast SEO plugin v27.1.1 - https:\/\/yoast.com\/product\/yoast-seo-wordpress\/ -->\n<title>360\u00ba-Tour - Camping Platja Brava<\/title>\n<meta name=\"description\" content=\"360\u00ba-Tour - Genie\u00dfen Sie einen unvergesslichen Urlaub auf dem Campingplatz Platja Brava, der im Herzen der Costa Brava liegt. Stellpl\u00e4tze, Bungalows, Schwimmbad, Strand und Aktivit\u00e4ten f\u00fcr die ganze Familie. Buchen Sie jetzt!\" \/>\n<meta name=\"robots\" content=\"index, follow, max-snippet:-1, max-image-preview:large, max-video-preview:-1\" \/>\n<link rel=\"canonical\" href=\"https:\/\/www.playabrava.com\/de\/360o-tour\/\" \/>\n<meta property=\"og:locale\" content=\"de_DE\" \/>\n<meta property=\"og:type\" content=\"article\" \/>\n<meta property=\"og:title\" content=\"360\u00ba-Tour - Camping Platja Brava\" \/>\n<meta property=\"og:description\" content=\"360\u00ba-Tour - Genie\u00dfen Sie einen unvergesslichen Urlaub auf dem Campingplatz Platja Brava, der im Herzen der Costa Brava liegt. Stellpl\u00e4tze, Bungalows, Schwimmbad, Strand und Aktivit\u00e4ten f\u00fcr die ganze Familie. Buchen Sie jetzt!\" \/>\n<meta property=\"og:url\" content=\"https:\/\/www.playabrava.com\/de\/360o-tour\/\" \/>\n<meta property=\"og:site_name\" content=\"Camping Platja Brava\" \/>\n<meta property=\"article:publisher\" content=\"https:\/\/www.facebook.com\/campingpals\" \/>\n<meta property=\"article:modified_time\" content=\"2025-10-01T08:06:15+00:00\" \/>\n<meta property=\"og:image\" content=\"https:\/\/www.playabrava.com\/wp-content\/uploads\/banner-2-1.jpg\" \/>\n<meta name=\"twitter:card\" content=\"summary_large_image\" \/>\n<meta name=\"twitter:label1\" content=\"Gesch\u00e4tzte Lesezeit\" \/>\n\t<meta name=\"twitter:data1\" content=\"1\u00a0Minute\" \/>\n<!-- \/ Yoast SEO plugin. -->","yoast_head_json":{"title":"360\u00ba-Tour - Camping Platja Brava","description":"360\u00ba-Tour - Genie\u00dfen Sie einen unvergesslichen Urlaub auf dem Campingplatz Platja Brava, der im Herzen der Costa Brava liegt. Stellpl\u00e4tze, Bungalows, Schwimmbad, Strand und Aktivit\u00e4ten f\u00fcr die ganze Familie. Buchen Sie jetzt!","robots":{"index":"index","follow":"follow","max-snippet":"max-snippet:-1","max-image-preview":"max-image-preview:large","max-video-preview":"max-video-preview:-1"},"canonical":"https:\/\/www.playabrava.com\/de\/360o-tour\/","og_locale":"de_DE","og_type":"article","og_title":"360\u00ba-Tour - Camping Platja Brava","og_description":"360\u00ba-Tour - Genie\u00dfen Sie einen unvergesslichen Urlaub auf dem Campingplatz Platja Brava, der im Herzen der Costa Brava liegt. Stellpl\u00e4tze, Bungalows, Schwimmbad, Strand und Aktivit\u00e4ten f\u00fcr die ganze Familie. Buchen Sie jetzt!","og_url":"https:\/\/www.playabrava.com\/de\/360o-tour\/","og_site_name":"Camping Platja Brava","article_publisher":"https:\/\/www.facebook.com\/campingpals","article_modified_time":"2025-10-01T08:06:15+00:00","og_image":[{"url":"https:\/\/www.playabrava.com\/wp-content\/uploads\/banner-2-1.jpg","type":"","width":"","height":""}],"twitter_card":"summary_large_image","twitter_misc":{"Gesch\u00e4tzte Lesezeit":"1\u00a0Minute"},"schema":{"@context":"https:\/\/schema.org","@graph":[{"@type":"WebPage","@id":"https:\/\/www.playabrava.com\/de\/360o-tour\/","url":"https:\/\/www.playabrava.com\/de\/360o-tour\/","name":"360\u00ba-Tour - Camping Platja Brava","isPartOf":{"@id":"https:\/\/www.playabrava.com\/de\/#website"},"primaryImageOfPage":{"@id":"https:\/\/www.playabrava.com\/de\/360o-tour\/#primaryimage"},"image":{"@id":"https:\/\/www.playabrava.com\/de\/360o-tour\/#primaryimage"},"thumbnailUrl":"https:\/\/www.playabrava.com\/wp-content\/uploads\/banner-2-1.jpg","datePublished":"2024-11-27T09:23:27+00:00","dateModified":"2025-10-01T08:06:15+00:00","description":"360\u00ba-Tour - Genie\u00dfen Sie einen unvergesslichen Urlaub auf dem Campingplatz Platja Brava, der im Herzen der Costa Brava liegt. Stellpl\u00e4tze, Bungalows, Schwimmbad, Strand und Aktivit\u00e4ten f\u00fcr die ganze Familie. Buchen Sie jetzt!","breadcrumb":{"@id":"https:\/\/www.playabrava.com\/de\/360o-tour\/#breadcrumb"},"inLanguage":"de","potentialAction":[{"@type":"ReadAction","target":["https:\/\/www.playabrava.com\/de\/360o-tour\/"]}]},{"@type":"ImageObject","inLanguage":"de","@id":"https:\/\/www.playabrava.com\/de\/360o-tour\/#primaryimage","url":"https:\/\/www.playabrava.com\/wp-content\/uploads\/banner-2-1.jpg","contentUrl":"https:\/\/www.playabrava.com\/wp-content\/uploads\/banner-2-1.jpg"},{"@type":"BreadcrumbList","@id":"https:\/\/www.playabrava.com\/de\/360o-tour\/#breadcrumb","itemListElement":[{"@type":"ListItem","position":1,"name":"Portada","item":"https:\/\/www.playabrava.com\/de\/"},{"@type":"ListItem","position":2,"name":"360\u00ba-Tour"}]},{"@type":"WebSite","@id":"https:\/\/www.playabrava.com\/de\/#website","url":"https:\/\/www.playabrava.com\/de\/","name":"Camping Platja Brava","description":"Camping i Bungalous a Platja de Pals | Gaudeix de la Natura a la Costa Brava","publisher":{"@id":"https:\/\/www.playabrava.com\/de\/#organization"},"potentialAction":[{"@type":"SearchAction","target":{"@type":"EntryPoint","urlTemplate":"https:\/\/www.playabrava.com\/de\/?s={search_term_string}"},"query-input":{"@type":"PropertyValueSpecification","valueRequired":true,"valueName":"search_term_string"}}],"inLanguage":"de"},{"@type":"Organization","@id":"https:\/\/www.playabrava.com\/de\/#organization","name":"Camping Platja Brava","url":"https:\/\/www.playabrava.com\/de\/","logo":{"@type":"ImageObject","inLanguage":"de","@id":"https:\/\/www.playabrava.com\/de\/#\/schema\/logo\/image\/","url":"https:\/\/www.playabrava.com\/wp-content\/uploads\/cropped-logo-platjabrava.png","contentUrl":"https:\/\/www.playabrava.com\/wp-content\/uploads\/cropped-logo-platjabrava.png","width":250,"height":50,"caption":"Camping Platja Brava"},"image":{"@id":"https:\/\/www.playabrava.com\/de\/#\/schema\/logo\/image\/"},"sameAs":["https:\/\/www.facebook.com\/campingpals","https:\/\/www.instagram.com\/campingplatjabrava\/","https:\/\/www.youtube.com\/@campingplayabrava1369","https:\/\/www.tripadvisor.es\/Hotel_Review-g580332-d1195447-Reviews-Camping_Bungalows_Platja_Brava-Pals_Costa_Brava_Province_of_Girona_Catalonia.html"]}]}},"_links":{"self":[{"href":"https:\/\/www.playabrava.com\/de\/wp-json\/wp\/v2\/pages\/6834","targetHints":{"allow":["GET"]}}],"collection":[{"href":"https:\/\/www.playabrava.com\/de\/wp-json\/wp\/v2\/pages"}],"about":[{"href":"https:\/\/www.playabrava.com\/de\/wp-json\/wp\/v2\/types\/page"}],"author":[{"embeddable":true,"href":"https:\/\/www.playabrava.com\/de\/wp-json\/wp\/v2\/users\/2"}],"replies":[{"embeddable":true,"href":"https:\/\/www.playabrava.com\/de\/wp-json\/wp\/v2\/comments?post=6834"}],"version-history":[{"count":3,"href":"https:\/\/www.playabrava.com\/de\/wp-json\/wp\/v2\/pages\/6834\/revisions"}],"predecessor-version":[{"id":22800,"href":"https:\/\/www.playabrava.com\/de\/wp-json\/wp\/v2\/pages\/6834\/revisions\/22800"}],"wp:attachment":[{"href":"https:\/\/www.playabrava.com\/de\/wp-json\/wp\/v2\/media?parent=6834"}],"curies":[{"name":"wp","href":"https:\/\/api.w.org\/{rel}","templated":true}]}}