{"id":6869,"date":"2022-10-13T12:52:06","date_gmt":"2022-10-13T10:52:06","guid":{"rendered":"https:\/\/www.playabrava.com\/parcel%c2%b7les\/"},"modified":"2025-05-05T15:30:10","modified_gmt":"2025-05-05T13:30:10","slug":"stellplaetze","status":"publish","type":"page","link":"https:\/\/www.playabrava.com\/de\/stellplaetze\/","title":{"rendered":"STELLPL\u00c4TZE"},"content":{"rendered":"","protected":false},"excerpt":{"rendered":"","protected":false},"author":2,"featured_media":0,"parent":0,"menu_order":15,"comment_status":"closed","ping_status":"closed","template":"","meta":{"_acf_changed":false,"inline_featured_image":false,"footnotes":""},"class_list":["post-6869","page","type-page","status-publish","hentry"],"acf":[],"yoast_head":"<!-- This site is optimized with the Yoast SEO plugin v27.1.1 - https:\/\/yoast.com\/product\/yoast-seo-wordpress\/ -->\n<title>STELLPL\u00c4TZE - Camping Platja Brava<\/title>\n<meta name=\"description\" content=\"STELLPL\u00c4TZE - Genie\u00dfen Sie einen unvergesslichen Urlaub auf dem Camping Playa Brava, mitten an der Costa Brava gelegen. Stellpl\u00e4tze, Bungalows, Schwimmbad, Strand und Aktivit\u00e4ten f\u00fcr die ganze Familie. Jetzt buchen!\" \/>\n<meta name=\"robots\" content=\"index, follow, max-snippet:-1, max-image-preview:large, max-video-preview:-1\" \/>\n<link rel=\"canonical\" href=\"https:\/\/www.playabrava.com\/de\/stellplaetze\/\" \/>\n<meta property=\"og:locale\" content=\"de_DE\" \/>\n<meta property=\"og:type\" content=\"article\" \/>\n<meta property=\"og:title\" content=\"STELLPL\u00c4TZE - Camping Platja Brava\" \/>\n<meta property=\"og:description\" content=\"STELLPL\u00c4TZE - Genie\u00dfen Sie einen unvergesslichen Urlaub auf dem Camping Playa Brava, mitten an der Costa Brava gelegen. Stellpl\u00e4tze, Bungalows, Schwimmbad, Strand und Aktivit\u00e4ten f\u00fcr die ganze Familie. Jetzt buchen!\" \/>\n<meta property=\"og:url\" content=\"https:\/\/www.playabrava.com\/de\/stellplaetze\/\" \/>\n<meta property=\"og:site_name\" content=\"Camping Platja Brava\" \/>\n<meta property=\"article:publisher\" content=\"https:\/\/www.facebook.com\/campingpals\" \/>\n<meta property=\"article:modified_time\" content=\"2025-05-05T13:30:10+00:00\" \/>\n<meta name=\"twitter:card\" content=\"summary_large_image\" \/>\n<!-- \/ Yoast SEO plugin. -->","yoast_head_json":{"title":"STELLPL\u00c4TZE - Camping Platja Brava","description":"STELLPL\u00c4TZE - Genie\u00dfen Sie einen unvergesslichen Urlaub auf dem Camping Playa Brava, mitten an der Costa Brava gelegen. Stellpl\u00e4tze, Bungalows, Schwimmbad, Strand und Aktivit\u00e4ten f\u00fcr die ganze Familie. Jetzt buchen!","robots":{"index":"index","follow":"follow","max-snippet":"max-snippet:-1","max-image-preview":"max-image-preview:large","max-video-preview":"max-video-preview:-1"},"canonical":"https:\/\/www.playabrava.com\/de\/stellplaetze\/","og_locale":"de_DE","og_type":"article","og_title":"STELLPL\u00c4TZE - Camping Platja Brava","og_description":"STELLPL\u00c4TZE - Genie\u00dfen Sie einen unvergesslichen Urlaub auf dem Camping Playa Brava, mitten an der Costa Brava gelegen. Stellpl\u00e4tze, Bungalows, Schwimmbad, Strand und Aktivit\u00e4ten f\u00fcr die ganze Familie. Jetzt buchen!","og_url":"https:\/\/www.playabrava.com\/de\/stellplaetze\/","og_site_name":"Camping Platja Brava","article_publisher":"https:\/\/www.facebook.com\/campingpals","article_modified_time":"2025-05-05T13:30:10+00:00","twitter_card":"summary_large_image","schema":{"@context":"https:\/\/schema.org","@graph":[{"@type":"WebPage","@id":"https:\/\/www.playabrava.com\/de\/stellplaetze\/","url":"https:\/\/www.playabrava.com\/de\/stellplaetze\/","name":"STELLPL\u00c4TZE - Camping Platja Brava","isPartOf":{"@id":"https:\/\/www.playabrava.com\/de\/#website"},"datePublished":"2022-10-13T10:52:06+00:00","dateModified":"2025-05-05T13:30:10+00:00","description":"STELLPL\u00c4TZE - Genie\u00dfen Sie einen unvergesslichen Urlaub auf dem Camping Playa Brava, mitten an der Costa Brava gelegen. Stellpl\u00e4tze, Bungalows, Schwimmbad, Strand und Aktivit\u00e4ten f\u00fcr die ganze Familie. Jetzt buchen!","breadcrumb":{"@id":"https:\/\/www.playabrava.com\/de\/stellplaetze\/#breadcrumb"},"inLanguage":"de","potentialAction":[{"@type":"ReadAction","target":["https:\/\/www.playabrava.com\/de\/stellplaetze\/"]}]},{"@type":"BreadcrumbList","@id":"https:\/\/www.playabrava.com\/de\/stellplaetze\/#breadcrumb","itemListElement":[{"@type":"ListItem","position":1,"name":"Portada","item":"https:\/\/www.playabrava.com\/de\/"},{"@type":"ListItem","position":2,"name":"STELLPL\u00c4TZE"}]},{"@type":"WebSite","@id":"https:\/\/www.playabrava.com\/de\/#website","url":"https:\/\/www.playabrava.com\/de\/","name":"Camping Platja Brava","description":"Camping i Bungalous a Platja de Pals | Gaudeix de la Natura a la Costa Brava","publisher":{"@id":"https:\/\/www.playabrava.com\/de\/#organization"},"potentialAction":[{"@type":"SearchAction","target":{"@type":"EntryPoint","urlTemplate":"https:\/\/www.playabrava.com\/de\/?s={search_term_string}"},"query-input":{"@type":"PropertyValueSpecification","valueRequired":true,"valueName":"search_term_string"}}],"inLanguage":"de"},{"@type":"Organization","@id":"https:\/\/www.playabrava.com\/de\/#organization","name":"Camping Platja Brava","url":"https:\/\/www.playabrava.com\/de\/","logo":{"@type":"ImageObject","inLanguage":"de","@id":"https:\/\/www.playabrava.com\/de\/#\/schema\/logo\/image\/","url":"https:\/\/www.playabrava.com\/wp-content\/uploads\/cropped-logo-platjabrava.png","contentUrl":"https:\/\/www.playabrava.com\/wp-content\/uploads\/cropped-logo-platjabrava.png","width":250,"height":50,"caption":"Camping Platja Brava"},"image":{"@id":"https:\/\/www.playabrava.com\/de\/#\/schema\/logo\/image\/"},"sameAs":["https:\/\/www.facebook.com\/campingpals","https:\/\/www.instagram.com\/campingplatjabrava\/","https:\/\/www.youtube.com\/@campingplayabrava1369","https:\/\/www.tripadvisor.es\/Hotel_Review-g580332-d1195447-Reviews-Camping_Bungalows_Platja_Brava-Pals_Costa_Brava_Province_of_Girona_Catalonia.html"]}]}},"_links":{"self":[{"href":"https:\/\/www.playabrava.com\/de\/wp-json\/wp\/v2\/pages\/6869","targetHints":{"allow":["GET"]}}],"collection":[{"href":"https:\/\/www.playabrava.com\/de\/wp-json\/wp\/v2\/pages"}],"about":[{"href":"https:\/\/www.playabrava.com\/de\/wp-json\/wp\/v2\/types\/page"}],"author":[{"embeddable":true,"href":"https:\/\/www.playabrava.com\/de\/wp-json\/wp\/v2\/users\/2"}],"replies":[{"embeddable":true,"href":"https:\/\/www.playabrava.com\/de\/wp-json\/wp\/v2\/comments?post=6869"}],"version-history":[{"count":2,"href":"https:\/\/www.playabrava.com\/de\/wp-json\/wp\/v2\/pages\/6869\/revisions"}],"predecessor-version":[{"id":21010,"href":"https:\/\/www.playabrava.com\/de\/wp-json\/wp\/v2\/pages\/6869\/revisions\/21010"}],"wp:attachment":[{"href":"https:\/\/www.playabrava.com\/de\/wp-json\/wp\/v2\/media?parent=6869"}],"curies":[{"name":"wp","href":"https:\/\/api.w.org\/{rel}","templated":true}]}}