{"id":6924,"date":"2025-02-21T11:50:31","date_gmt":"2025-02-21T10:50:31","guid":{"rendered":"https:\/\/www.playabrava.com\/enoturisme\/"},"modified":"2025-05-31T20:12:27","modified_gmt":"2025-05-31T18:12:27","slug":"weintourismus","status":"publish","type":"page","link":"https:\/\/www.playabrava.com\/de\/weintourismus\/","title":{"rendered":"Weintourismus"},"content":{"rendered":"\n<div class=\"wp-block-cover alignfull has-custom-content-position is-position-bottom-center\" style=\"border-bottom-left-radius:50px;border-bottom-right-radius:50px;margin-top:0;margin-bottom:0;min-height:70vh;aspect-ratio:unset;\"><span aria-hidden=\"true\" class=\"wp-block-cover__background has-background-dim-20 has-background-dim\"><\/span><img loading=\"lazy\" decoding=\"async\" width=\"2048\" height=\"1360\" class=\"wp-block-cover__image-background wp-image-5758\" alt=\"\" src=\"https:\/\/www.playabrava.com\/wp-content\/uploads\/enoturisme-1.jpg\" style=\"object-position:50% 4%\" data-object-fit=\"cover\" data-object-position=\"50% 4%\" srcset=\"https:\/\/www.playabrava.com\/wp-content\/uploads\/\/enoturisme-1.jpg 2048w, https:\/\/www.playabrava.com\/wp-content\/uploads\/\/enoturisme-1-1024x680.jpg 1024w, https:\/\/www.playabrava.com\/wp-content\/uploads\/\/enoturisme-1-768x510.jpg 768w, https:\/\/www.playabrava.com\/wp-content\/uploads\/\/enoturisme-1-1536x1020.jpg 1536w, https:\/\/www.playabrava.com\/wp-content\/uploads\/\/enoturisme-1-512x340.jpg 512w, https:\/\/www.playabrava.com\/wp-content\/uploads\/\/enoturisme-1-256x170.jpg 256w\" sizes=\"auto, (max-width: 2048px) 100vw, 2048px\" \/><div class=\"wp-block-cover__inner-container is-layout-constrained wp-block-cover-is-layout-constrained\">\n<div class=\"wp-block-group is-layout-constrained wp-block-group-is-layout-constrained\" style=\"padding-bottom:var(--wp--preset--spacing--60)\">\n<h1 class=\"wp-block-heading has-text-align-center animation--init--once slide-up has-theme-white-color has-text-color has-link-color has-h-1-font-size wp-elements-16dfbc109bf3e32167392849b8634c81\"><strong>Weintourismus<\/strong><\/h1>\n<\/div>\n<\/div><\/div>\n\n\n\n<h2 class=\"wp-block-heading has-text-align-center animation--init--once slide-up\"><strong><sup>WEINKULTUR ERLEBEN <\/sup><\/strong><br>Entdecken Sie die Weinkultur <br>der D.O. Empord\u00e0<\/h2>\n\n\n\n<div class=\"wp-block-group is-layout-constrained wp-block-group-is-layout-constrained\">\n<figure class=\"wp-block-image aligncenter size-large animation--init--once pop-up\"><img loading=\"lazy\" decoding=\"async\" width=\"67\" height=\"13\" src=\"https:\/\/www.playabrava.com\/wp-content\/uploads\/stars.svg\" alt=\"\" class=\"wp-image-1151\"\/><\/figure>\n\n\n\n<p class=\"has-text-align-left\">Die Region Empord\u00e0, das Weinanbaugebiet der Costa Brava, ist eine landschaftlich beeindruckende Gegend, gepr\u00e4gt vom Charakter der Tramuntana-Winde. Die international anerkannten Weine der D.O. Empord\u00e0 spiegeln die Essenz, die Landschaften und die Aromen dieser einzigartigen Umgebung wider. Dank ihrer H\u00f6henlage, der N\u00e4he zum Meer und der reichen B\u00f6den wachsen die Reben rund um Pals unter idealen Bedingungen. Das Ergebnis: Trauben mit einzigartigem Geschmack und Charakter \u2013 ein echtes Paradies f\u00fcr Weinliebhaber.<\/p>\n\n\n\n<h2 class=\"wp-block-heading has-h-3-font-size\"><strong>Wein & K\u00e4severkostungen<\/strong><\/h2>\n\n\n\n<p>Dank des Land of Wines-Siegels f\u00f6rdert Camping Platja Brava aktiv die Weinkultur der Region. Wir bieten lokale Weine, gef\u00fchrte Besuche in nahegelegenen Weing\u00fctern und Weinbergen sowie Weinverkostungen der D.O. Empord\u00e0 im Restaurant des Campingplatzes an. Wir sind stolz, Teil der ausgew\u00e4hlten Gruppe \u201eLand of Wines\u201c zu sein und dir mit diesen au\u00dfergew\u00f6hnlichen Weinerlebnissen einen unvergesslichen Aufenthalt zu erm\u00f6glichen.<\/p>\n<\/div>\n\n\n\n<div class=\"wp-block-group alignfull is-layout-constrained wp-block-group-is-layout-constrained\" style=\"margin-top:0;margin-bottom:0\">\n<div class=\"wp-block-columns alignwide are-vertically-aligned-center p-m installacions-content back-left is-layout-flex wp-container-core-columns-is-layout-eae17e81 wp-block-columns-is-layout-flex\" style=\"border-radius:5px;margin-top:var(--wp--preset--spacing--70);margin-bottom:var(--wp--preset--spacing--70)\">\n<div class=\"wp-block-column is-vertically-aligned-center is-layout-flow wp-block-column-is-layout-flow\">\n<h3 class=\"wp-block-heading animation--init--once slide-left\"><strong><strong>Weingut Mas Geli<\/strong><\/strong><\/h3>\n\n\n\n<p>Erleben Sie die geschmackvollste Seite der Costa Brava mit einer einzigartigen Weinverkostung in den Weinbergen von Mas Geli in Pals, nur 4 km vom Campingplatz entfernt. Umgeben von atemberaubender Natur ist dies der perfekte Ort, um einen unvergesslichen Sonnenuntergang zu genie\u00dfen.<\/p>\n\n\n\n<p>W\u00e4hrend des Besuchs spazierst du durch die Weinberge und erf\u00e4hrst mehr \u00fcber die Tradition und das Handwerk des lokalen Weinbaus. Zum Abschluss erwartet dich eine Verkostung hochwertiger Weine in Kombination mit handwerklich hergestelltem regionalem K\u00e4se \u2013 eine sinnliche Reise zur wahren Essenz der Costa Brava.<\/p>\n<\/div>\n\n\n\n<div class=\"wp-block-column is-vertically-aligned-center is-layout-flow wp-block-column-is-layout-flow\">\n<div class=\"wp-image-slider has-text-align-left aspect-ratio-3_2\">\n\n                                        \n                    <script>\n                        'use strict';\n\n                        document.addEventListener('DOMContentLoaded', function () {\n\n                            (function() {\n                                const blockSlide = new Splide( '#slide_513', {\n                                    type : 'loop',\n                                    perPage: 1,\n                                                                        \n                                    breakpoints: {\n                                        800: {\n                                            perPage: 1,\n                                                                                    },\n                                        450: {\n                                            perPage: 1,\n                                            \n                                        },\n                                    },\n                                    pagination: false,\n                                    arrows: true,\n                                    gap: 'var(--wp--style--block-gap)',\n                                    i18n: {\n                                        slideLabel: '%s\/%s',\n                                    }\n                                } );\n                                \n\n                                \n                                blockSlide.mount();\n\n                                                                \n                                \n                            })();\n                        })\n                    <\/script>\n\n                    <div class=\"slider-container\"><div class=\"splide galeria-slider galeria-columnas-1\" id=\"slide_513\"><div class=\"splide__track\"><div class=\"splide__list\"><a href=\"https:\/\/www.playabrava.com\/wp-content\/uploads\/visites-guiades-foto-1-scaled.jpg\" id=\"thumb-21712\" class=\"splide__slide image-link\" data-gallery=\"slide_513\"  alt=\" \" class=\"image-link\"><div class=\"image-wrapper\"><img loading=\"lazy\" decoding=\"async\" width=\"1536\" height=\"981\" src=\"https:\/\/www.playabrava.com\/wp-content\/uploads\/visites-guiades-foto-1-1536x981.jpg\" class=\"attachment-gallery-large size-gallery-large\" alt=\"\" srcset=\"https:\/\/www.playabrava.com\/wp-content\/uploads\/visites-guiades-foto-1-1536x981.jpg 1536w, https:\/\/www.playabrava.com\/wp-content\/uploads\/visites-guiades-foto-1-1024x654.jpg 1024w, https:\/\/www.playabrava.com\/wp-content\/uploads\/visites-guiades-foto-1-2048x1308.jpg 2048w, https:\/\/www.playabrava.com\/wp-content\/uploads\/visites-guiades-foto-1-768x491.jpg 768w, https:\/\/www.playabrava.com\/wp-content\/uploads\/visites-guiades-foto-1-512x327.jpg 512w, https:\/\/www.playabrava.com\/wp-content\/uploads\/visites-guiades-foto-1-256x164.jpg 256w\" sizes=\"auto, (max-width: 1536px) 100vw, 1536px\" \/><\/div><\/a><a href=\"https:\/\/www.playabrava.com\/wp-content\/uploads\/vinya-montgri.webp\" id=\"thumb-5774\" class=\"splide__slide image-link\" data-gallery=\"slide_513\"  alt=\" \" class=\"image-link\"><div class=\"image-wrapper\"><img loading=\"lazy\" decoding=\"async\" width=\"1024\" height=\"767\" src=\"https:\/\/www.playabrava.com\/wp-content\/uploads\/vinya-montgri.webp\" class=\"attachment-gallery-large size-gallery-large\" alt=\"\" srcset=\"https:\/\/www.playabrava.com\/wp-content\/uploads\/vinya-montgri.webp 1024w, https:\/\/www.playabrava.com\/wp-content\/uploads\/vinya-montgri-768x575.webp 768w, https:\/\/www.playabrava.com\/wp-content\/uploads\/vinya-montgri-512x384.webp 512w, https:\/\/www.playabrava.com\/wp-content\/uploads\/vinya-montgri-256x192.webp 256w\" sizes=\"auto, (max-width: 1024px) 100vw, 1024px\" \/><\/div><\/a><a href=\"https:\/\/www.playabrava.com\/wp-content\/uploads\/img-20210928-wa0024.webp\" id=\"thumb-5780\" class=\"splide__slide image-link\" data-gallery=\"slide_513\"  alt=\" \" class=\"image-link\"><div class=\"image-wrapper\"><img loading=\"lazy\" decoding=\"async\" width=\"1024\" height=\"682\" src=\"https:\/\/www.playabrava.com\/wp-content\/uploads\/img-20210928-wa0024.webp\" class=\"attachment-gallery-large size-gallery-large\" alt=\"\" srcset=\"https:\/\/www.playabrava.com\/wp-content\/uploads\/img-20210928-wa0024.webp 1024w, https:\/\/www.playabrava.com\/wp-content\/uploads\/img-20210928-wa0024-768x512.webp 768w, https:\/\/www.playabrava.com\/wp-content\/uploads\/img-20210928-wa0024-512x341.webp 512w, https:\/\/www.playabrava.com\/wp-content\/uploads\/img-20210928-wa0024-256x171.webp 256w\" sizes=\"auto, (max-width: 1024px) 100vw, 1024px\" \/><\/div><\/a><a href=\"https:\/\/www.playabrava.com\/wp-content\/uploads\/vinya-estany-10.webp\" id=\"thumb-5786\" class=\"splide__slide image-link\" data-gallery=\"slide_513\"  alt=\" \" class=\"image-link\"><div class=\"image-wrapper\"><img loading=\"lazy\" decoding=\"async\" width=\"1024\" height=\"684\" src=\"https:\/\/www.playabrava.com\/wp-content\/uploads\/vinya-estany-10.webp\" class=\"attachment-gallery-large size-gallery-large\" alt=\"\" srcset=\"https:\/\/www.playabrava.com\/wp-content\/uploads\/vinya-estany-10.webp 1024w, https:\/\/www.playabrava.com\/wp-content\/uploads\/vinya-estany-10-768x513.webp 768w, https:\/\/www.playabrava.com\/wp-content\/uploads\/vinya-estany-10-512x342.webp 512w, https:\/\/www.playabrava.com\/wp-content\/uploads\/vinya-estany-10-256x171.webp 256w\" sizes=\"auto, (max-width: 1024px) 100vw, 1024px\" \/><\/div><\/a><\/div><\/div><\/div><\/div>\n                    \n<\/div><\/div>\n<\/div>\n\n\n\n<div class=\"wp-block-columns alignwide are-vertically-aligned-center p-m installacions-content back-right reverse-mobile is-layout-flex wp-container-core-columns-is-layout-eae17e81 wp-block-columns-is-layout-flex\" style=\"border-radius:5px;margin-top:var(--wp--preset--spacing--70);margin-bottom:var(--wp--preset--spacing--70)\">\n<div class=\"wp-block-column is-vertically-aligned-center is-layout-flow wp-block-column-is-layout-flow\">\n<div class=\"wp-image-slider has-text-align-left aspect-ratio-3_2\">\n\n                                        \n                    <script>\n                        'use strict';\n\n                        document.addEventListener('DOMContentLoaded', function () {\n\n                            (function() {\n                                const blockSlide = new Splide( '#slide_898', {\n                                    type : 'loop',\n                                    perPage: 1,\n                                                                        \n                                    breakpoints: {\n                                        800: {\n                                            perPage: 1,\n                                                                                    },\n                                        450: {\n                                            perPage: 1,\n                                            \n                                        },\n                                    },\n                                    pagination: false,\n                                    arrows: true,\n                                    gap: 'var(--wp--style--block-gap)',\n                                    i18n: {\n                                        slideLabel: '%s\/%s',\n                                    }\n                                } );\n                                \n\n                                \n                                blockSlide.mount();\n\n                                                                \n                                \n                            })();\n                        })\n                    <\/script>\n\n                    <div class=\"slider-container\"><div class=\"splide galeria-slider galeria-columnas-1\" id=\"slide_898\"><div class=\"splide__track\"><div class=\"splide__list\"><a href=\"https:\/\/www.playabrava.com\/wp-content\/uploads\/088805-4a3b2970268741d58f37c801502a8106mv2.webp\" id=\"thumb-21882\" class=\"splide__slide image-link\" data-gallery=\"slide_898\"  alt=\" \" class=\"image-link\"><div class=\"image-wrapper\"><img loading=\"lazy\" decoding=\"async\" width=\"539\" height=\"529\" src=\"https:\/\/www.playabrava.com\/wp-content\/uploads\/088805-4a3b2970268741d58f37c801502a8106mv2.webp\" class=\"attachment-gallery-large size-gallery-large\" alt=\"\" srcset=\"https:\/\/www.playabrava.com\/wp-content\/uploads\/088805-4a3b2970268741d58f37c801502a8106mv2.webp 539w, https:\/\/www.playabrava.com\/wp-content\/uploads\/088805-4a3b2970268741d58f37c801502a8106mv2-512x503.webp 512w, https:\/\/www.playabrava.com\/wp-content\/uploads\/088805-4a3b2970268741d58f37c801502a8106mv2-256x251.webp 256w\" sizes=\"auto, (max-width: 539px) 100vw, 539px\" \/><\/div><\/a><a href=\"https:\/\/www.playabrava.com\/wp-content\/uploads\/088805-1ca3b5a55ac741bb9ec48e8b901fbe8amv2.webp\" id=\"thumb-21888\" class=\"splide__slide image-link\" data-gallery=\"slide_898\"  alt=\" \" class=\"image-link\"><div class=\"image-wrapper\"><img loading=\"lazy\" decoding=\"async\" width=\"539\" height=\"529\" src=\"https:\/\/www.playabrava.com\/wp-content\/uploads\/088805-1ca3b5a55ac741bb9ec48e8b901fbe8amv2.webp\" class=\"attachment-gallery-large size-gallery-large\" alt=\"\" srcset=\"https:\/\/www.playabrava.com\/wp-content\/uploads\/088805-1ca3b5a55ac741bb9ec48e8b901fbe8amv2.webp 539w, https:\/\/www.playabrava.com\/wp-content\/uploads\/088805-1ca3b5a55ac741bb9ec48e8b901fbe8amv2-512x503.webp 512w, https:\/\/www.playabrava.com\/wp-content\/uploads\/088805-1ca3b5a55ac741bb9ec48e8b901fbe8amv2-256x251.webp 256w\" sizes=\"auto, (max-width: 539px) 100vw, 539px\" \/><\/div><\/a><a href=\"https:\/\/www.playabrava.com\/wp-content\/uploads\/088805-5af6f8bb6612420cb46b9526c19b1fa1mv2.webp\" id=\"thumb-21876\" class=\"splide__slide image-link\" data-gallery=\"slide_898\"  alt=\" \" class=\"image-link\"><div class=\"image-wrapper\"><img loading=\"lazy\" decoding=\"async\" width=\"539\" height=\"529\" src=\"https:\/\/www.playabrava.com\/wp-content\/uploads\/088805-5af6f8bb6612420cb46b9526c19b1fa1mv2.webp\" class=\"attachment-gallery-large size-gallery-large\" alt=\"\" srcset=\"https:\/\/www.playabrava.com\/wp-content\/uploads\/088805-5af6f8bb6612420cb46b9526c19b1fa1mv2.webp 539w, https:\/\/www.playabrava.com\/wp-content\/uploads\/088805-5af6f8bb6612420cb46b9526c19b1fa1mv2-512x503.webp 512w, https:\/\/www.playabrava.com\/wp-content\/uploads\/088805-5af6f8bb6612420cb46b9526c19b1fa1mv2-256x251.webp 256w\" sizes=\"auto, (max-width: 539px) 100vw, 539px\" \/><\/div><\/a><a href=\"https:\/\/www.playabrava.com\/wp-content\/uploads\/088805-0cdf99bfa70541de9ed5f2a91278c76cmv2.webp\" id=\"thumb-21894\" class=\"splide__slide image-link\" data-gallery=\"slide_898\"  alt=\" \" class=\"image-link\"><div class=\"image-wrapper\"><img loading=\"lazy\" decoding=\"async\" width=\"539\" height=\"529\" src=\"https:\/\/www.playabrava.com\/wp-content\/uploads\/088805-0cdf99bfa70541de9ed5f2a91278c76cmv2.webp\" class=\"attachment-gallery-large size-gallery-large\" alt=\"\" srcset=\"https:\/\/www.playabrava.com\/wp-content\/uploads\/088805-0cdf99bfa70541de9ed5f2a91278c76cmv2.webp 539w, https:\/\/www.playabrava.com\/wp-content\/uploads\/088805-0cdf99bfa70541de9ed5f2a91278c76cmv2-512x503.webp 512w, https:\/\/www.playabrava.com\/wp-content\/uploads\/088805-0cdf99bfa70541de9ed5f2a91278c76cmv2-256x251.webp 256w\" sizes=\"auto, (max-width: 539px) 100vw, 539px\" \/><\/div><\/a><\/div><\/div><\/div><\/div>\n                    \n<\/div><\/div>\n\n\n\n<div class=\"wp-block-column is-vertically-aligned-center is-layout-flow wp-block-column-is-layout-flow\">\n<h3 class=\"wp-block-heading animation--init--once slide-left\"><strong>Weingut Mas Oller<\/strong><\/h3>\n\n\n\n<p>Der Tramuntana-Wind spielt eine zentrale Rolle bei der Entwicklung der Weine aus dem Empord\u00e0. Er sorgt f\u00fcr ein einzigartiges Mikroklima, das die Temperatur reguliert und gesunde Reben mit komplexen, ausgewogenen Trauben f\u00f6rdert. Dieser windgepr\u00e4gte Reifeprozess bringt die besondere Pers\u00f6nlichkeit des Terroirs zur Geltung.<\/p>\n\n\n\n<p>Besuchen Sie Mas Oller in Torrent \u2013 ein historisches Weingut aus dem 17. Jahrhundert im Herzen des Empord\u00e0 mit herrlichem Ausblick. Jeder Schluck bringt dich der Magie der Landschaft und den tief verwurzelten Weinbautraditionen der Region ein St\u00fcck n\u00e4her.<\/p>\n<\/div>\n<\/div>\n<\/div>\n","protected":false},"excerpt":{"rendered":"<p>WEINKULTUR ERLEBEN Entdecken Sie die Weinkultur der D.O. Empord\u00e0 Die Region Empord\u00e0, das Weinanbaugebiet der Costa Brava, ist eine landschaftlich beeindruckende Gegend, gepr\u00e4gt vom Charakter&#8230;<\/p>\n","protected":false},"author":2,"featured_media":0,"parent":0,"menu_order":18,"comment_status":"closed","ping_status":"closed","template":"","meta":{"_acf_changed":false,"inline_featured_image":false,"footnotes":""},"class_list":["post-6924","page","type-page","status-publish","hentry"],"acf":[],"yoast_head":"<!-- This site is optimized with the Yoast SEO plugin v27.1.1 - https:\/\/yoast.com\/product\/yoast-seo-wordpress\/ -->\n<title>Weintourismus - Camping Platja Brava<\/title>\n<meta name=\"description\" content=\"Weintourismus - Entdecken Sie den Weintourismus an der Costa Brava vom Camping Playa Brava aus. Besuchen Sie die \u00f6rtlichen Weinkellereien, genie\u00dfen Sie Weinverkostungen und erkunden Sie die Weinbaulandschaften der Region in einem einzigartigen Erlebnis.\" \/>\n<meta name=\"robots\" content=\"index, follow, max-snippet:-1, max-image-preview:large, max-video-preview:-1\" \/>\n<link rel=\"canonical\" href=\"https:\/\/www.playabrava.com\/de\/weintourismus\/\" \/>\n<meta property=\"og:locale\" content=\"de_DE\" \/>\n<meta property=\"og:type\" content=\"article\" \/>\n<meta property=\"og:title\" content=\"Weintourismus - Camping Platja Brava\" \/>\n<meta property=\"og:description\" content=\"Weintourismus - Entdecken Sie den Weintourismus an der Costa Brava vom Camping Playa Brava aus. Besuchen Sie die \u00f6rtlichen Weinkellereien, genie\u00dfen Sie Weinverkostungen und erkunden Sie die Weinbaulandschaften der Region in einem einzigartigen Erlebnis.\" \/>\n<meta property=\"og:url\" content=\"https:\/\/www.playabrava.com\/de\/weintourismus\/\" \/>\n<meta property=\"og:site_name\" content=\"Camping Platja Brava\" \/>\n<meta property=\"article:publisher\" content=\"https:\/\/www.facebook.com\/campingpals\" \/>\n<meta property=\"article:modified_time\" content=\"2025-05-31T18:12:27+00:00\" \/>\n<meta property=\"og:image\" content=\"https:\/\/www.playabrava.com\/wp-content\/uploads\/enoturisme-1.jpg\" \/>\n<meta name=\"twitter:card\" content=\"summary_large_image\" \/>\n<meta name=\"twitter:label1\" content=\"Gesch\u00e4tzte Lesezeit\" \/>\n\t<meta name=\"twitter:data1\" content=\"3\u00a0Minuten\" \/>\n<!-- \/ Yoast SEO plugin. -->","yoast_head_json":{"title":"Weintourismus - Camping Platja Brava","description":"Weintourismus - Entdecken Sie den Weintourismus an der Costa Brava vom Camping Playa Brava aus. Besuchen Sie die \u00f6rtlichen Weinkellereien, genie\u00dfen Sie Weinverkostungen und erkunden Sie die Weinbaulandschaften der Region in einem einzigartigen Erlebnis.","robots":{"index":"index","follow":"follow","max-snippet":"max-snippet:-1","max-image-preview":"max-image-preview:large","max-video-preview":"max-video-preview:-1"},"canonical":"https:\/\/www.playabrava.com\/de\/weintourismus\/","og_locale":"de_DE","og_type":"article","og_title":"Weintourismus - Camping Platja Brava","og_description":"Weintourismus - Entdecken Sie den Weintourismus an der Costa Brava vom Camping Playa Brava aus. Besuchen Sie die \u00f6rtlichen Weinkellereien, genie\u00dfen Sie Weinverkostungen und erkunden Sie die Weinbaulandschaften der Region in einem einzigartigen Erlebnis.","og_url":"https:\/\/www.playabrava.com\/de\/weintourismus\/","og_site_name":"Camping Platja Brava","article_publisher":"https:\/\/www.facebook.com\/campingpals","article_modified_time":"2025-05-31T18:12:27+00:00","og_image":[{"url":"https:\/\/www.playabrava.com\/wp-content\/uploads\/enoturisme-1.jpg","type":"","width":"","height":""}],"twitter_card":"summary_large_image","twitter_misc":{"Gesch\u00e4tzte Lesezeit":"3\u00a0Minuten"},"schema":{"@context":"https:\/\/schema.org","@graph":[{"@type":"WebPage","@id":"https:\/\/www.playabrava.com\/de\/weintourismus\/","url":"https:\/\/www.playabrava.com\/de\/weintourismus\/","name":"Weintourismus - Camping Platja Brava","isPartOf":{"@id":"https:\/\/www.playabrava.com\/de\/#website"},"primaryImageOfPage":{"@id":"https:\/\/www.playabrava.com\/de\/weintourismus\/#primaryimage"},"image":{"@id":"https:\/\/www.playabrava.com\/de\/weintourismus\/#primaryimage"},"thumbnailUrl":"https:\/\/www.playabrava.com\/wp-content\/uploads\/enoturisme-1.jpg","datePublished":"2025-02-21T10:50:31+00:00","dateModified":"2025-05-31T18:12:27+00:00","description":"Weintourismus - Entdecken Sie den Weintourismus an der Costa Brava vom Camping Playa Brava aus. Besuchen Sie die \u00f6rtlichen Weinkellereien, genie\u00dfen Sie Weinverkostungen und erkunden Sie die Weinbaulandschaften der Region in einem einzigartigen Erlebnis.","breadcrumb":{"@id":"https:\/\/www.playabrava.com\/de\/weintourismus\/#breadcrumb"},"inLanguage":"de","potentialAction":[{"@type":"ReadAction","target":["https:\/\/www.playabrava.com\/de\/weintourismus\/"]}]},{"@type":"ImageObject","inLanguage":"de","@id":"https:\/\/www.playabrava.com\/de\/weintourismus\/#primaryimage","url":"https:\/\/www.playabrava.com\/wp-content\/uploads\/enoturisme-1.jpg","contentUrl":"https:\/\/www.playabrava.com\/wp-content\/uploads\/enoturisme-1.jpg"},{"@type":"BreadcrumbList","@id":"https:\/\/www.playabrava.com\/de\/weintourismus\/#breadcrumb","itemListElement":[{"@type":"ListItem","position":1,"name":"Portada","item":"https:\/\/www.playabrava.com\/de\/"},{"@type":"ListItem","position":2,"name":"Weintourismus"}]},{"@type":"WebSite","@id":"https:\/\/www.playabrava.com\/de\/#website","url":"https:\/\/www.playabrava.com\/de\/","name":"Camping Platja Brava","description":"Camping i Bungalous a Platja de Pals | Gaudeix de la Natura a la Costa Brava","publisher":{"@id":"https:\/\/www.playabrava.com\/de\/#organization"},"potentialAction":[{"@type":"SearchAction","target":{"@type":"EntryPoint","urlTemplate":"https:\/\/www.playabrava.com\/de\/?s={search_term_string}"},"query-input":{"@type":"PropertyValueSpecification","valueRequired":true,"valueName":"search_term_string"}}],"inLanguage":"de"},{"@type":"Organization","@id":"https:\/\/www.playabrava.com\/de\/#organization","name":"Camping Platja Brava","url":"https:\/\/www.playabrava.com\/de\/","logo":{"@type":"ImageObject","inLanguage":"de","@id":"https:\/\/www.playabrava.com\/de\/#\/schema\/logo\/image\/","url":"https:\/\/www.playabrava.com\/wp-content\/uploads\/cropped-logo-platjabrava.png","contentUrl":"https:\/\/www.playabrava.com\/wp-content\/uploads\/cropped-logo-platjabrava.png","width":250,"height":50,"caption":"Camping Platja Brava"},"image":{"@id":"https:\/\/www.playabrava.com\/de\/#\/schema\/logo\/image\/"},"sameAs":["https:\/\/www.facebook.com\/campingpals","https:\/\/www.instagram.com\/campingplatjabrava\/","https:\/\/www.youtube.com\/@campingplayabrava1369","https:\/\/www.tripadvisor.es\/Hotel_Review-g580332-d1195447-Reviews-Camping_Bungalows_Platja_Brava-Pals_Costa_Brava_Province_of_Girona_Catalonia.html"]}]}},"_links":{"self":[{"href":"https:\/\/www.playabrava.com\/de\/wp-json\/wp\/v2\/pages\/6924","targetHints":{"allow":["GET"]}}],"collection":[{"href":"https:\/\/www.playabrava.com\/de\/wp-json\/wp\/v2\/pages"}],"about":[{"href":"https:\/\/www.playabrava.com\/de\/wp-json\/wp\/v2\/types\/page"}],"author":[{"embeddable":true,"href":"https:\/\/www.playabrava.com\/de\/wp-json\/wp\/v2\/users\/2"}],"replies":[{"embeddable":true,"href":"https:\/\/www.playabrava.com\/de\/wp-json\/wp\/v2\/comments?post=6924"}],"version-history":[{"count":3,"href":"https:\/\/www.playabrava.com\/de\/wp-json\/wp\/v2\/pages\/6924\/revisions"}],"predecessor-version":[{"id":21909,"href":"https:\/\/www.playabrava.com\/de\/wp-json\/wp\/v2\/pages\/6924\/revisions\/21909"}],"wp:attachment":[{"href":"https:\/\/www.playabrava.com\/de\/wp-json\/wp\/v2\/media?parent=6924"}],"curies":[{"name":"wp","href":"https:\/\/api.w.org\/{rel}","templated":true}]}}