{"id":6811,"date":"2024-11-27T10:19:28","date_gmt":"2024-11-27T09:19:28","guid":{"rendered":"https:\/\/www.playabrava.com\/noticies\/"},"modified":"2025-04-30T13:12:34","modified_gmt":"2025-04-30T11:12:34","slug":"nieuws","status":"publish","type":"page","link":"https:\/\/www.playabrava.com\/nl\/nieuws\/","title":{"rendered":"Nieuws"},"content":{"rendered":"\n<div class=\"wp-block-cover alignfull has-custom-content-position is-position-bottom-center\" style=\"border-bottom-left-radius:50px;border-bottom-right-radius:50px;margin-top:0;margin-bottom:0;min-height:70vh;aspect-ratio:unset;\"><span aria-hidden=\"true\" class=\"wp-block-cover__background has-background-dim-20 has-background-dim\"><\/span><img loading=\"lazy\" decoding=\"async\" width=\"1920\" height=\"747\" class=\"wp-block-cover__image-background wp-image-1561\" alt=\"\" src=\"https:\/\/www.playabrava.com\/wp-content\/uploads\/banner-2-2.jpg\" data-object-fit=\"cover\" srcset=\"https:\/\/www.playabrava.com\/wp-content\/uploads\/\/banner-2-2.jpg 1920w, https:\/\/www.playabrava.com\/wp-content\/uploads\/\/banner-2-2-1024x398.jpg 1024w, https:\/\/www.playabrava.com\/wp-content\/uploads\/\/banner-2-2-768x299.jpg 768w, https:\/\/www.playabrava.com\/wp-content\/uploads\/\/banner-2-2-1536x598.jpg 1536w, https:\/\/www.playabrava.com\/wp-content\/uploads\/\/banner-2-2-512x199.jpg 512w, https:\/\/www.playabrava.com\/wp-content\/uploads\/\/banner-2-2-256x100.jpg 256w\" sizes=\"auto, (max-width: 1920px) 100vw, 1920px\" \/><div class=\"wp-block-cover__inner-container is-layout-constrained wp-block-cover-is-layout-constrained\">\n<div class=\"wp-block-group is-layout-constrained wp-block-group-is-layout-constrained\" style=\"padding-bottom:var(--wp--preset--spacing--60)\">\n<h1 class=\"wp-block-heading has-text-align-center animation--init--once slide-up has-theme-white-color has-text-color has-link-color has-h-1-font-size wp-elements-7fd3fa87fe302e00430f24071a21e094\"><strong>Overig nieuws & updates<\/strong><\/h1>\n<\/div>\n<\/div><\/div>\n\n\n\n<div class=\"wp-block-group is-layout-constrained wp-block-group-is-layout-constrained\">\n<h2 class=\"wp-block-heading has-text-align-center animation--init--once pop-up\"><sup><strong><sup><strong>Blijf op de hoogte van het laatste nieuws en updates van onze camping. <\/strong><\/sup><\/strong><\/sup><br>Mis niets \u2014 wees als eerste op de <br>hoogte van alles wat nieuw is!<\/h2>\n\n\n\n<figure class=\"wp-block-image aligncenter size-large animation--init--once pop-up\"><img loading=\"lazy\" decoding=\"async\" width=\"67\" height=\"13\" src=\"https:\/\/www.playabrava.com\/wp-content\/uploads\/stars.svg\" alt=\"\" class=\"wp-image-1151\"\/><\/figure>\n<\/div>\n\n\n\n<div class=\"wp-block-group alignfull noticies-archive-wrapper has-theme-light-2-background-color has-background is-layout-constrained wp-block-group-is-layout-constrained\" style=\"margin-top:var(--wp--preset--spacing--70)\">\n<div class=\"wp-block-query alignwide is-layout-flow wp-block-query-is-layout-flow\"><ul class=\"wp-block-post-template is-layout-flow wp-block-post-template-is-layout-flow\"><li class=\"wp-block-post post-24526 post type-post status-publish format-standard has-post-thumbnail hentry category-nieuws\">\n\n<div class=\"wp-block-columns is-layout-flex wp-container-core-columns-is-layout-28f84493 wp-block-columns-is-layout-flex\">\n<div class=\"wp-block-column noticies-text-wrapper is-layout-flow wp-block-column-is-layout-flow\"><div class=\"animation--init--once pop-up wp-block-post-date\"><time datetime=\"2026-03-24T13:42:57+01:00\">24 maart 2026<\/time><\/div>\n\n<h2 class=\"animation--init--once slide-left wp-block-post-title\">4 nieuwe oplaadpunten voor elektrische auto&#8217;s<\/h2>\n\n<div class=\"animation--init--once slide-left wp-block-post-excerpt\"><p class=\"wp-block-post-excerpt__excerpt\">toegewijd aan duurzaamheid Reis zonder grenzen! We openen 4 nieuwe oplaadpunten voor elektrische auto&#8217;s We weten dat duurzame mobiliteit niet de toekomst is, maar het&#8230; <\/p><\/div>\n\n<a class=\"noticies-btn animation--init--once pop-up wp-block-read-more\" href=\"https:\/\/www.playabrava.com\/nl\/4-nieuwe-oplaadpunten-voor-elektrische-autos\/\" target=\"_self\">Lees verder<span class=\"screen-reader-text\">: 4 nieuwe oplaadpunten voor elektrische auto&#8217;s<\/span><\/a><\/div>\n\n\n\n<div class=\"wp-block-column is-layout-flow wp-block-column-is-layout-flow\"><figure class=\"animation--init--once pop-up wp-block-post-featured-image\"><img loading=\"lazy\" decoding=\"async\" width=\"1440\" height=\"1374\" src=\"https:\/\/www.playabrava.com\/wp-content\/uploads\/puntos-recarga.webp\" class=\"attachment-post-thumbnail size-post-thumbnail wp-post-image\" alt=\"\" style=\"border-radius:5px;object-fit:cover;\" srcset=\"https:\/\/www.playabrava.com\/wp-content\/uploads\/puntos-recarga.webp 1440w, https:\/\/www.playabrava.com\/wp-content\/uploads\/puntos-recarga-1024x977.webp 1024w, https:\/\/www.playabrava.com\/wp-content\/uploads\/puntos-recarga-768x733.webp 768w, https:\/\/www.playabrava.com\/wp-content\/uploads\/puntos-recarga-512x489.webp 512w, https:\/\/www.playabrava.com\/wp-content\/uploads\/puntos-recarga-256x244.webp 256w\" sizes=\"auto, (max-width: 1440px) 100vw, 1440px\" \/><\/figure><\/div>\n<\/div>\n\n\n\n<hr class=\"wp-block-separator has-text-color has-alpha-channel-opacity has-background\" style=\"background-color:#8585852b;color:#8585852b\"\/>\n\n<\/li><li class=\"wp-block-post post-24386 post type-post status-publish format-standard has-post-thumbnail hentry category-nieuws\">\n\n<div class=\"wp-block-columns is-layout-flex wp-container-core-columns-is-layout-28f84493 wp-block-columns-is-layout-flex\">\n<div class=\"wp-block-column noticies-text-wrapper is-layout-flow wp-block-column-is-layout-flow\"><div class=\"animation--init--once pop-up wp-block-post-date\"><time datetime=\"2026-03-16T16:10:03+01:00\">16 maart 2026<\/time><\/div>\n\n<h2 class=\"animation--init--once slide-left wp-block-post-title\">Onze nieuwe huisjes &#8220;Costa Brava&#8221;<\/h2>\n\n<div class=\"animation--init--once slide-left wp-block-post-excerpt\"><p class=\"wp-block-post-excerpt__excerpt\">We presenteren met trots de nieuwe Costa Brava-bungalows, gelegen in een gezellige autovrije zone met kunstgras en op een steenworp afstand van het zwembad van de camping. <\/p><\/div>\n\n<a class=\"noticies-btn animation--init--once pop-up wp-block-read-more\" href=\"https:\/\/www.playabrava.com\/nl\/onze-bungalows-aan-de-costa-brava\/\" target=\"_self\">Lees verder<span class=\"screen-reader-text\">: Onze nieuwe huisjes &#8220;Costa Brava&#8221;<\/span><\/a><\/div>\n\n\n\n<div class=\"wp-block-column is-layout-flow wp-block-column-is-layout-flow\"><figure class=\"animation--init--once pop-up wp-block-post-featured-image\"><img loading=\"lazy\" decoding=\"async\" width=\"1900\" height=\"1188\" src=\"https:\/\/www.playabrava.com\/wp-content\/uploads\/nous-bungalows-2.webp\" class=\"attachment-post-thumbnail size-post-thumbnail wp-post-image\" alt=\"\" style=\"border-radius:5px;object-fit:cover;\" srcset=\"https:\/\/www.playabrava.com\/wp-content\/uploads\/nous-bungalows-2.webp 1900w, https:\/\/www.playabrava.com\/wp-content\/uploads\/nous-bungalows-2-1024x640.webp 1024w, https:\/\/www.playabrava.com\/wp-content\/uploads\/nous-bungalows-2-768x480.webp 768w, https:\/\/www.playabrava.com\/wp-content\/uploads\/nous-bungalows-2-1536x960.webp 1536w, https:\/\/www.playabrava.com\/wp-content\/uploads\/nous-bungalows-2-512x320.webp 512w, https:\/\/www.playabrava.com\/wp-content\/uploads\/nous-bungalows-2-256x160.webp 256w\" sizes=\"auto, (max-width: 1900px) 100vw, 1900px\" \/><\/figure><\/div>\n<\/div>\n\n\n\n<hr class=\"wp-block-separator has-text-color has-alpha-channel-opacity has-background\" style=\"background-color:#8585852b;color:#8585852b\"\/>\n\n<\/li><li class=\"wp-block-post post-24343 post type-post status-publish format-standard has-post-thumbnail hentry category-nieuws\">\n\n<div class=\"wp-block-columns is-layout-flex wp-container-core-columns-is-layout-28f84493 wp-block-columns-is-layout-flex\">\n<div class=\"wp-block-column noticies-text-wrapper is-layout-flow wp-block-column-is-layout-flow\"><div class=\"animation--init--once pop-up wp-block-post-date\"><time datetime=\"2026-03-16T13:40:14+01:00\">16 maart 2026<\/time><\/div>\n\n<h2 class=\"animation--init--once slide-left wp-block-post-title\">We openen twee exclusieve padelbanen<\/h2>\n\n<div class=\"animation--init--once slide-left wp-block-post-excerpt\"><p class=\"wp-block-post-excerpt__excerpt\">Op Camping Platja Brava werken we voortdurend aan het verbeteren van onze faciliteiten en het aanbieden van nieuwe vrijetijds- en sportmogelijkheden aan onze gasten. <\/p><\/div>\n\n<a class=\"noticies-btn animation--init--once pop-up wp-block-read-more\" href=\"https:\/\/www.playabrava.com\/nl\/we-openen-twee-exclusieve-padelbanen\/\" target=\"_self\">Lees verder<span class=\"screen-reader-text\">: We openen twee exclusieve padelbanen<\/span><\/a><\/div>\n\n\n\n<div class=\"wp-block-column is-layout-flow wp-block-column-is-layout-flow\"><figure class=\"animation--init--once pop-up wp-block-post-featured-image\"><img loading=\"lazy\" decoding=\"async\" width=\"1200\" height=\"1600\" src=\"https:\/\/www.playabrava.com\/wp-content\/uploads\/noves-pistes-padel-2.webp\" class=\"attachment-post-thumbnail size-post-thumbnail wp-post-image\" alt=\"\" style=\"border-radius:5px;object-fit:cover;\" srcset=\"https:\/\/www.playabrava.com\/wp-content\/uploads\/noves-pistes-padel-2.webp 1200w, https:\/\/www.playabrava.com\/wp-content\/uploads\/noves-pistes-padel-2-768x1024.webp 768w, https:\/\/www.playabrava.com\/wp-content\/uploads\/noves-pistes-padel-2-1152x1536.webp 1152w, https:\/\/www.playabrava.com\/wp-content\/uploads\/noves-pistes-padel-2-384x512.webp 384w, https:\/\/www.playabrava.com\/wp-content\/uploads\/noves-pistes-padel-2-192x256.webp 192w\" sizes=\"auto, (max-width: 1200px) 100vw, 1200px\" \/><\/figure><\/div>\n<\/div>\n\n\n\n<hr class=\"wp-block-separator has-text-color has-alpha-channel-opacity has-background\" style=\"background-color:#8585852b;color:#8585852b\"\/>\n\n<\/li><li class=\"wp-block-post post-7543 post type-post status-publish format-standard has-post-thumbnail hentry category-nieuws\">\n\n<div class=\"wp-block-columns is-layout-flex wp-container-core-columns-is-layout-28f84493 wp-block-columns-is-layout-flex\">\n<div class=\"wp-block-column noticies-text-wrapper is-layout-flow wp-block-column-is-layout-flow\"><div class=\"animation--init--once pop-up wp-block-post-date\"><time datetime=\"2025-02-26T17:00:30+01:00\">26 februari 2025<\/time><\/div>\n\n<h2 class=\"animation--init--once slide-left wp-block-post-title\">Nieuwe Master Plus-staanplaatsen<\/h2>\n\n<div class=\"animation--init--once slide-left wp-block-post-excerpt\"><p class=\"wp-block-post-excerpt__excerpt\">We werken continu aan het verbeteren van onze faciliteiten om jou een unieke, comfortabele en milieubewuste kampeerervaring te bieden. <\/p><\/div>\n\n<a class=\"noticies-btn animation--init--once pop-up wp-block-read-more\" href=\"https:\/\/www.playabrava.com\/nl\/nieuwe-master-plus-staanplaatsen\/\" target=\"_self\">Lees verder<span class=\"screen-reader-text\">: Nieuwe Master Plus-staanplaatsen<\/span><\/a><\/div>\n\n\n\n<div class=\"wp-block-column is-layout-flow wp-block-column-is-layout-flow\"><figure class=\"animation--init--once pop-up wp-block-post-featured-image\"><img loading=\"lazy\" decoding=\"async\" width=\"1600\" height=\"1067\" src=\"https:\/\/www.playabrava.com\/wp-content\/uploads\/planell.jpg\" class=\"attachment-post-thumbnail size-post-thumbnail wp-post-image\" alt=\"\" style=\"border-radius:5px;object-fit:cover;\" srcset=\"https:\/\/www.playabrava.com\/wp-content\/uploads\/\/planell.jpg 1600w, https:\/\/www.playabrava.com\/wp-content\/uploads\/\/planell-1024x683.jpg 1024w, https:\/\/www.playabrava.com\/wp-content\/uploads\/\/planell-768x512.jpg 768w, https:\/\/www.playabrava.com\/wp-content\/uploads\/\/planell-1536x1024.jpg 1536w, https:\/\/www.playabrava.com\/wp-content\/uploads\/\/planell-512x341.jpg 512w, https:\/\/www.playabrava.com\/wp-content\/uploads\/\/planell-256x171.jpg 256w\" sizes=\"auto, (max-width: 1600px) 100vw, 1600px\" \/><\/figure><\/div>\n<\/div>\n\n\n\n<hr class=\"wp-block-separator has-text-color has-alpha-channel-opacity has-background\" style=\"background-color:#8585852b;color:#8585852b\"\/>\n\n<\/li><li class=\"wp-block-post post-7546 post type-post status-publish format-standard has-post-thumbnail hentry category-nieuws\">\n\n<div class=\"wp-block-columns is-layout-flex wp-container-core-columns-is-layout-28f84493 wp-block-columns-is-layout-flex\">\n<div class=\"wp-block-column noticies-text-wrapper is-layout-flow wp-block-column-is-layout-flow\"><div class=\"animation--init--once pop-up wp-block-post-date\"><time datetime=\"2025-02-26T16:00:00+01:00\">26 februari 2025<\/time><\/div>\n\n<h2 class=\"animation--init--once slide-left wp-block-post-title\">Een milieuvriendelijkere camping<\/h2>\n\n<div class=\"animation--init--once slide-left wp-block-post-excerpt\"><p class=\"wp-block-post-excerpt__excerpt\">We zijn trots op een belangrijke stap richting een duurzamere en natuurvriendelijkere camping. <\/p><\/div>\n\n<a class=\"noticies-btn animation--init--once pop-up wp-block-read-more\" href=\"https:\/\/www.playabrava.com\/nl\/cap-a-un-camping-mes-respectuos-amb-lentorn\/\" target=\"_self\">Lees verder<span class=\"screen-reader-text\">: Een milieuvriendelijkere camping<\/span><\/a><\/div>\n\n\n\n<div class=\"wp-block-column is-layout-flow wp-block-column-is-layout-flow\"><figure class=\"animation--init--once pop-up wp-block-post-featured-image\"><img loading=\"lazy\" decoding=\"async\" width=\"1900\" height=\"1267\" src=\"https:\/\/www.playabrava.com\/wp-content\/uploads\/cap-a-un-camping-mes-respetuos-amb-lentorn.webp\" class=\"attachment-post-thumbnail size-post-thumbnail wp-post-image\" alt=\"\" style=\"border-radius:5px;object-fit:cover;\" srcset=\"https:\/\/www.playabrava.com\/wp-content\/uploads\/cap-a-un-camping-mes-respetuos-amb-lentorn.webp 1900w, https:\/\/www.playabrava.com\/wp-content\/uploads\/cap-a-un-camping-mes-respetuos-amb-lentorn-1024x683.webp 1024w, https:\/\/www.playabrava.com\/wp-content\/uploads\/cap-a-un-camping-mes-respetuos-amb-lentorn-768x512.webp 768w, https:\/\/www.playabrava.com\/wp-content\/uploads\/cap-a-un-camping-mes-respetuos-amb-lentorn-1536x1024.webp 1536w, https:\/\/www.playabrava.com\/wp-content\/uploads\/cap-a-un-camping-mes-respetuos-amb-lentorn-512x341.webp 512w, https:\/\/www.playabrava.com\/wp-content\/uploads\/cap-a-un-camping-mes-respetuos-amb-lentorn-256x171.webp 256w\" sizes=\"auto, (max-width: 1900px) 100vw, 1900px\" \/><\/figure><\/div>\n<\/div>\n\n\n\n<hr class=\"wp-block-separator has-text-color has-alpha-channel-opacity has-background\" style=\"background-color:#8585852b;color:#8585852b\"\/>\n\n<\/li><\/ul>\n\n<nav class=\"wp-block-query-pagination is-layout-flex wp-block-query-pagination-is-layout-flex\" aria-label=\"Paginering\">\n\n\n<div class=\"wp-block-query-pagination-numbers\"><span aria-current=\"page\" class=\"page-numbers current\">1<\/span>\n<a class=\"page-numbers\" href=\"?query-0-page=2\">2<\/a><\/div>\n\n<a href=\"\/nl\/wp-json\/wp\/v2\/pages\/6811?query-0-page=2\" class=\"wp-block-query-pagination-next\">Volgende pagina<\/a>\n<\/nav>\n\n<\/div>\n<\/div>\n\n\n\n<div class=\"wp-image-slider gallery-installations alignfull has-text-align-center aspect-ratio-16_9\">\n\n                                        \n                    <script>\n                        'use strict';\n\n                        document.addEventListener('DOMContentLoaded', function () {\n\n                            (function() {\n                                const blockSlide = new Splide( '#slide_621', {\n                                    type : 'loop',\n                                    perPage: 2,\n                                    padding: 'calc(5vw + var(--wp--style--block-gap))',                                    \n                                    breakpoints: {\n                                        800: {\n                                            perPage: 3,\n                                                                                    },\n                                        450: {\n                                            perPage: 1,\n                                            \n                                        },\n                                    },\n                                    pagination: false,\n                                    arrows: true,\n                                    gap: 'var(--wp--style--block-gap)',\n                                    i18n: {\n                                        slideLabel: '%s\/%s',\n                                    }\n                                } );\n                                \n\n                                \n                                blockSlide.mount();\n\n                                                                \n                                \n                            })();\n                        })\n                    <\/script>\n\n                    <div class=\"slider-container\"><div class=\"splide galeria-slider galeria-columnas-2\" id=\"slide_621\"><div class=\"splide__track\"><div class=\"splide__list\"><div id=\"thumb-2588\" class=\"splide__slide\"><div class=\"image-wrapper\"><img loading=\"lazy\" decoding=\"async\" width=\"1050\" height=\"700\" src=\"https:\/\/www.playabrava.com\/wp-content\/uploads\/banner-11.jpg\" class=\"attachment-gallery-large size-gallery-large\" alt=\"\" srcset=\"https:\/\/www.playabrava.com\/wp-content\/uploads\/\/banner-11.jpg 1050w, https:\/\/www.playabrava.com\/wp-content\/uploads\/\/banner-11-1024x683.jpg 1024w, https:\/\/www.playabrava.com\/wp-content\/uploads\/\/banner-11-768x512.jpg 768w, https:\/\/www.playabrava.com\/wp-content\/uploads\/\/banner-11-512x341.jpg 512w, https:\/\/www.playabrava.com\/wp-content\/uploads\/\/banner-11-256x171.jpg 256w\" sizes=\"auto, (max-width: 1050px) 100vw, 1050px\" \/><\/div><\/div><div id=\"thumb-2548\" class=\"splide__slide\"><div class=\"image-wrapper\"><img loading=\"lazy\" decoding=\"async\" width=\"1536\" height=\"598\" src=\"https:\/\/www.playabrava.com\/wp-content\/uploads\/banner-2-1-1536x598.jpg\" class=\"attachment-gallery-large size-gallery-large\" alt=\"\" srcset=\"https:\/\/www.playabrava.com\/wp-content\/uploads\/\/banner-2-1-1536x598.jpg 1536w, https:\/\/www.playabrava.com\/wp-content\/uploads\/\/banner-2-1-1024x398.jpg 1024w, https:\/\/www.playabrava.com\/wp-content\/uploads\/\/banner-2-1-768x299.jpg 768w, https:\/\/www.playabrava.com\/wp-content\/uploads\/\/banner-2-1-512x199.jpg 512w, https:\/\/www.playabrava.com\/wp-content\/uploads\/\/banner-2-1-256x100.jpg 256w, https:\/\/www.playabrava.com\/wp-content\/uploads\/\/banner-2-1.jpg 1920w\" sizes=\"auto, (max-width: 1536px) 100vw, 1536px\" \/><\/div><\/div><div id=\"thumb-2498\" class=\"splide__slide\"><div class=\"image-wrapper\"><img loading=\"lazy\" decoding=\"async\" width=\"1536\" height=\"1024\" src=\"https:\/\/www.playabrava.com\/wp-content\/uploads\/banner-8-1536x1024.jpg\" class=\"attachment-gallery-large size-gallery-large\" alt=\"\" srcset=\"https:\/\/www.playabrava.com\/wp-content\/uploads\/\/banner-8-1536x1024.jpg 1536w, https:\/\/www.playabrava.com\/wp-content\/uploads\/\/banner-8-1024x683.jpg 1024w, https:\/\/www.playabrava.com\/wp-content\/uploads\/\/banner-8-768x512.jpg 768w, https:\/\/www.playabrava.com\/wp-content\/uploads\/\/banner-8-512x341.jpg 512w, https:\/\/www.playabrava.com\/wp-content\/uploads\/\/banner-8-256x171.jpg 256w, https:\/\/www.playabrava.com\/wp-content\/uploads\/\/banner-8.jpg 1920w\" sizes=\"auto, (max-width: 1536px) 100vw, 1536px\" \/><\/div><\/div><\/div><\/div><\/div><\/div>\n                    \n<\/div>","protected":false},"excerpt":{"rendered":"<p>Blijf op de hoogte van het laatste nieuws en updates van onze camping. Mis niets \u2014 wees als eerste op de hoogte van alles wat&#8230;<\/p>\n","protected":false},"author":2,"featured_media":0,"parent":0,"menu_order":6,"comment_status":"closed","ping_status":"closed","template":"","meta":{"_acf_changed":false,"inline_featured_image":false,"footnotes":""},"class_list":["post-6811","page","type-page","status-publish","hentry"],"acf":[],"yoast_head":"<!-- This site is optimized with the Yoast SEO plugin v27.1.1 - https:\/\/yoast.com\/product\/yoast-seo-wordpress\/ -->\n<title>Nieuws - Camping Platja Brava<\/title>\n<meta name=\"description\" content=\"Nieuws - Estigues al dia amb les \u00faltimes not\u00edcies del Camping Playa Brava: novetats, esdeveniments, activitats i informaci\u00f3 d\u2019inter\u00e8s per gaudir al m\u00e0xim de les teves vacances a la Costa Brava.\" \/>\n<meta name=\"robots\" content=\"index, follow, max-snippet:-1, max-image-preview:large, max-video-preview:-1\" \/>\n<link rel=\"canonical\" href=\"https:\/\/www.playabrava.com\/nl\/nieuws\/\" \/>\n<link rel=\"next\" href=\"https:\/\/www.playabrava.com\/nl\/nieuws\/6811\/?query-0-page=2\" \/>\n<meta property=\"og:locale\" content=\"nl_NL\" \/>\n<meta property=\"og:type\" content=\"article\" \/>\n<meta property=\"og:title\" content=\"Nieuws - Camping Platja Brava\" \/>\n<meta property=\"og:description\" content=\"Nieuws - Estigues al dia amb les \u00faltimes not\u00edcies del Camping Playa Brava: novetats, esdeveniments, activitats i informaci\u00f3 d\u2019inter\u00e8s per gaudir al m\u00e0xim de les teves vacances a la Costa Brava.\" \/>\n<meta property=\"og:url\" content=\"https:\/\/www.playabrava.com\/nl\/nieuws\/\" \/>\n<meta property=\"og:site_name\" content=\"Camping Platja Brava\" \/>\n<meta property=\"article:publisher\" content=\"https:\/\/www.facebook.com\/campingpals\" \/>\n<meta property=\"article:modified_time\" content=\"2025-04-30T11:12:34+00:00\" \/>\n<meta property=\"og:image\" content=\"https:\/\/www.playabrava.com\/wp-content\/uploads\/banner-2-2.jpg\" \/>\n<meta name=\"twitter:card\" content=\"summary_large_image\" \/>\n<meta name=\"twitter:label1\" content=\"Geschatte leestijd\" \/>\n\t<meta name=\"twitter:data1\" content=\"1 minuut\" \/>\n<!-- \/ Yoast SEO plugin. -->","yoast_head_json":{"title":"Nieuws - Camping Platja Brava","description":"Nieuws - Estigues al dia amb les \u00faltimes not\u00edcies del Camping Playa Brava: novetats, esdeveniments, activitats i informaci\u00f3 d\u2019inter\u00e8s per gaudir al m\u00e0xim de les teves vacances a la Costa Brava.","robots":{"index":"index","follow":"follow","max-snippet":"max-snippet:-1","max-image-preview":"max-image-preview:large","max-video-preview":"max-video-preview:-1"},"canonical":"https:\/\/www.playabrava.com\/nl\/nieuws\/","next":"https:\/\/www.playabrava.com\/nl\/nieuws\/6811?query-0-page=2","og_locale":"nl_NL","og_type":"article","og_title":"Nieuws - Camping Platja Brava","og_description":"Nieuws - Estigues al dia amb les \u00faltimes not\u00edcies del Camping Playa Brava: novetats, esdeveniments, activitats i informaci\u00f3 d\u2019inter\u00e8s per gaudir al m\u00e0xim de les teves vacances a la Costa Brava.","og_url":"https:\/\/www.playabrava.com\/nl\/nieuws\/","og_site_name":"Camping Platja Brava","article_publisher":"https:\/\/www.facebook.com\/campingpals","article_modified_time":"2025-04-30T11:12:34+00:00","og_image":[{"url":"https:\/\/www.playabrava.com\/wp-content\/uploads\/banner-2-2.jpg","type":"","width":"","height":""}],"twitter_card":"summary_large_image","twitter_misc":{"Geschatte leestijd":"1 minuut"},"schema":{"@context":"https:\/\/schema.org","@graph":[{"@type":"WebPage","@id":"https:\/\/www.playabrava.com\/nl\/nieuws\/","url":"https:\/\/www.playabrava.com\/nl\/nieuws\/","name":"Nieuws - Camping Platja Brava","isPartOf":{"@id":"https:\/\/www.playabrava.com\/nl\/#website"},"primaryImageOfPage":{"@id":"https:\/\/www.playabrava.com\/nl\/nieuws\/#primaryimage"},"image":{"@id":"https:\/\/www.playabrava.com\/nl\/nieuws\/#primaryimage"},"thumbnailUrl":"https:\/\/www.playabrava.com\/wp-content\/uploads\/banner-2-2.jpg","datePublished":"2024-11-27T09:19:28+00:00","dateModified":"2025-04-30T11:12:34+00:00","description":"Nieuws - Estigues al dia amb les \u00faltimes not\u00edcies del Camping Playa Brava: novetats, esdeveniments, activitats i informaci\u00f3 d\u2019inter\u00e8s per gaudir al m\u00e0xim de les teves vacances a la Costa Brava.","breadcrumb":{"@id":"https:\/\/www.playabrava.com\/nl\/nieuws\/#breadcrumb"},"inLanguage":"nl-NL","potentialAction":[{"@type":"ReadAction","target":["https:\/\/www.playabrava.com\/nl\/nieuws\/"]}]},{"@type":"ImageObject","inLanguage":"nl-NL","@id":"https:\/\/www.playabrava.com\/nl\/nieuws\/#primaryimage","url":"https:\/\/www.playabrava.com\/wp-content\/uploads\/banner-2-2.jpg","contentUrl":"https:\/\/www.playabrava.com\/wp-content\/uploads\/banner-2-2.jpg"},{"@type":"BreadcrumbList","@id":"https:\/\/www.playabrava.com\/nl\/nieuws\/#breadcrumb","itemListElement":[{"@type":"ListItem","position":1,"name":"Portada","item":"https:\/\/www.playabrava.com\/nl\/"},{"@type":"ListItem","position":2,"name":"Nieuws"}]},{"@type":"WebSite","@id":"https:\/\/www.playabrava.com\/nl\/#website","url":"https:\/\/www.playabrava.com\/nl\/","name":"Camping Platja Brava","description":"Camping i Bungalous a Platja de Pals | Gaudeix de la Natura a la Costa Brava","publisher":{"@id":"https:\/\/www.playabrava.com\/nl\/#organization"},"potentialAction":[{"@type":"SearchAction","target":{"@type":"EntryPoint","urlTemplate":"https:\/\/www.playabrava.com\/nl\/?s={search_term_string}"},"query-input":{"@type":"PropertyValueSpecification","valueRequired":true,"valueName":"search_term_string"}}],"inLanguage":"nl-NL"},{"@type":"Organization","@id":"https:\/\/www.playabrava.com\/nl\/#organization","name":"Camping Platja Brava","url":"https:\/\/www.playabrava.com\/nl\/","logo":{"@type":"ImageObject","inLanguage":"nl-NL","@id":"https:\/\/www.playabrava.com\/nl\/#\/schema\/logo\/image\/","url":"https:\/\/www.playabrava.com\/wp-content\/uploads\/cropped-logo-platjabrava.png","contentUrl":"https:\/\/www.playabrava.com\/wp-content\/uploads\/cropped-logo-platjabrava.png","width":250,"height":50,"caption":"Camping Platja Brava"},"image":{"@id":"https:\/\/www.playabrava.com\/nl\/#\/schema\/logo\/image\/"},"sameAs":["https:\/\/www.facebook.com\/campingpals","https:\/\/www.instagram.com\/campingplatjabrava\/","https:\/\/www.youtube.com\/@campingplayabrava1369","https:\/\/www.tripadvisor.es\/Hotel_Review-g580332-d1195447-Reviews-Camping_Bungalows_Platja_Brava-Pals_Costa_Brava_Province_of_Girona_Catalonia.html"]}]}},"_links":{"self":[{"href":"https:\/\/www.playabrava.com\/nl\/wp-json\/wp\/v2\/pages\/6811","targetHints":{"allow":["GET"]}}],"collection":[{"href":"https:\/\/www.playabrava.com\/nl\/wp-json\/wp\/v2\/pages"}],"about":[{"href":"https:\/\/www.playabrava.com\/nl\/wp-json\/wp\/v2\/types\/page"}],"author":[{"embeddable":true,"href":"https:\/\/www.playabrava.com\/nl\/wp-json\/wp\/v2\/users\/2"}],"replies":[{"embeddable":true,"href":"https:\/\/www.playabrava.com\/nl\/wp-json\/wp\/v2\/comments?post=6811"}],"version-history":[{"count":3,"href":"https:\/\/www.playabrava.com\/nl\/wp-json\/wp\/v2\/pages\/6811\/revisions"}],"predecessor-version":[{"id":20852,"href":"https:\/\/www.playabrava.com\/nl\/wp-json\/wp\/v2\/pages\/6811\/revisions\/20852"}],"wp:attachment":[{"href":"https:\/\/www.playabrava.com\/nl\/wp-json\/wp\/v2\/media?parent=6811"}],"curies":[{"name":"wp","href":"https:\/\/api.w.org\/{rel}","templated":true}]}}